{"id":2,"date":"2016-05-10T03:48:21","date_gmt":"2016-05-10T03:48:21","guid":{"rendered":"http:\/\/igs-steuerberatung.de\/?page_id=2"},"modified":"2020-08-06T14:51:28","modified_gmt":"2020-08-06T14:51:28","slug":"startseite","status":"publish","type":"page","link":"https:\/\/igs-steuerberatung.de\/","title":{"rendered":"Willkommen"},"content":{"rendered":"\n<p>Um f\u00fcr Sie den richtigen und besten Weg zu finden, setzen wir auf unsere langj\u00e4hrige Erfahrung. Daf\u00fcr nehmen wir uns ausreichend Zeit. Seit mehr als 40 Jahren beraten wir Mandanten prim\u00e4r \u00a0aus Essen und dem Ruhrgebiet, aber auch Mandanten deutschlandweit. Zu unseren Mandanten z\u00e4hlen kleine und mittelst\u00e4ndische Unternehmen, Freiberufler und Selbstst\u00e4ndige aus vielen verschiedenen Branchen, sowie Privatpersonen.<\/p>\n\n\n\n<p>Wir beraten Privatpersonen und Unternehmen aller\nRechtsformen in steuerlichen und wirtschaftlichen Angelegenheiten. Dabei\nunterst\u00fctzen wir Sie bei der Finanzbuchhaltung, der Lohnbuchhaltung, der\nErstellung von Steuererkl\u00e4rungen, sowie die Erstellung von Jahresabschl\u00fcssen\nnach Handels- und Steuerrecht und den damit zusammenh\u00e4ngenden Fragen und\nProblemen. <\/p>\n\n\n\n<p>Wir erstellen und beraten Sie auch gerne bei &nbsp;Ihrer Einkommensteuererkl\u00e4rung.<\/p>\n\n\n\n<p>Melden Sie sich gerne bei offenen Fragen oder f\u00fcr&nbsp; eine Terminabsprache bei uns! Sie erreichen uns telefonisch unter 0201 879000 oder per <a href=\"mailto:info@igs-steuerberatung.de\">Mail<\/a>.<\/p>\n","protected":false},"excerpt":{"rendered":"<p>Um f\u00fcr Sie den richtigen und besten Weg zu finden, setzen wir auf unsere langj\u00e4hrige Erfahrung. Daf\u00fcr nehmen wir uns ausreichend Zeit. Seit mehr als 40 Jahren beraten wir Mandanten prim\u00e4r \u00a0aus Essen und dem Ruhrgebiet, aber auch Mandanten deutschlandweit. Zu unseren Mandanten z\u00e4hlen kleine und mittelst\u00e4ndische Unternehmen, Freiberufler und Selbstst\u00e4ndige aus vielen verschiedenen Branchen, &hellip; <a href=\"https:\/\/igs-steuerberatung.de\/\" class=\"more-link\"><span class=\"screen-reader-text\">\u201eWillkommen\u201c<\/span> weiterlesen<\/a><\/p>\n","protected":false},"author":1,"featured_media":0,"parent":0,"menu_order":0,"comment_status":"closed","ping_status":"closed","template":"","meta":{"footnotes":""},"class_list":["post-2","page","type-page","status-publish","hentry"],"yoast_head":"<!-- This site is optimized with the Yoast SEO plugin v25.1 - https:\/\/yoast.com\/wordpress\/plugins\/seo\/ -->\n<title>Willkommen - Ingrid Gelczinnus-Stommen<\/title>\n<meta name=\"description\" content=\"Willkommen - Um f\u00fcr Sie den richtigen und besten Weg zu finden, setzen wir auf unsere langj\u00e4hrige Erfahrung. Daf\u00fcr nehmen wir uns ausreichend Zeit. Seit mehr als 40\" \/>\n<meta name=\"robots\" content=\"index, follow, max-snippet:-1, max-image-preview:large, max-video-preview:-1\" \/>\n<link rel=\"canonical\" href=\"https:\/\/igs-steuerberatung.de\/\" \/>\n<meta property=\"og:locale\" content=\"de_DE\" \/>\n<meta property=\"og:type\" content=\"article\" \/>\n<meta property=\"og:title\" content=\"Willkommen - Ingrid Gelczinnus-Stommen\" \/>\n<meta property=\"og:description\" content=\"Willkommen - Um f\u00fcr Sie den richtigen und besten Weg zu finden, setzen wir auf unsere langj\u00e4hrige Erfahrung. Daf\u00fcr nehmen wir uns ausreichend Zeit. Seit mehr als 40\" \/>\n<meta property=\"og:url\" content=\"https:\/\/igs-steuerberatung.de\/\" \/>\n<meta property=\"og:site_name\" content=\"Ingrid Gelczinnus-Stommen\" \/>\n<meta property=\"article:modified_time\" content=\"2020-08-06T14:51:28+00:00\" \/>\n<meta name=\"twitter:card\" content=\"summary_large_image\" \/>\n<meta name=\"twitter:label1\" content=\"Gesch\u00e4tzte Lesezeit\" \/>\n\t<meta name=\"twitter:data1\" content=\"1\u00a0Minute\" \/>\n<script type=\"application\/ld+json\" class=\"yoast-schema-graph\">{\"@context\":\"https:\/\/schema.org\",\"@graph\":[{\"@type\":\"WebPage\",\"@id\":\"https:\/\/igs-steuerberatung.de\/\",\"url\":\"https:\/\/igs-steuerberatung.de\/\",\"name\":\"Willkommen - Ingrid Gelczinnus-Stommen\",\"isPartOf\":{\"@id\":\"https:\/\/igs-steuerberatung.de\/#website\"},\"datePublished\":\"2016-05-10T03:48:21+00:00\",\"dateModified\":\"2020-08-06T14:51:28+00:00\",\"description\":\"Willkommen - Um f\u00fcr Sie den richtigen und besten Weg zu finden, setzen wir auf unsere langj\u00e4hrige Erfahrung. Daf\u00fcr nehmen wir uns ausreichend Zeit. Seit mehr als 40\",\"breadcrumb\":{\"@id\":\"https:\/\/igs-steuerberatung.de\/#breadcrumb\"},\"inLanguage\":\"de\",\"potentialAction\":[{\"@type\":\"ReadAction\",\"target\":[\"https:\/\/igs-steuerberatung.de\/\"]}]},{\"@type\":\"BreadcrumbList\",\"@id\":\"https:\/\/igs-steuerberatung.de\/#breadcrumb\",\"itemListElement\":[{\"@type\":\"ListItem\",\"position\":1,\"name\":\"Startseite\",\"item\":\"https:\/\/igs-steuerberatung.de\/\"},{\"@type\":\"ListItem\",\"position\":2,\"name\":\"Willkommen\"}]},{\"@type\":\"WebSite\",\"@id\":\"https:\/\/igs-steuerberatung.de\/#website\",\"url\":\"https:\/\/igs-steuerberatung.de\/\",\"name\":\"Ingrid Gelczinnus-Stommen\",\"description\":\"\",\"publisher\":{\"@id\":\"https:\/\/igs-steuerberatung.de\/#organization\"},\"potentialAction\":[{\"@type\":\"SearchAction\",\"target\":{\"@type\":\"EntryPoint\",\"urlTemplate\":\"https:\/\/igs-steuerberatung.de\/?s={search_term_string}\"},\"query-input\":{\"@type\":\"PropertyValueSpecification\",\"valueRequired\":true,\"valueName\":\"search_term_string\"}}],\"inLanguage\":\"de\"},{\"@type\":\"Organization\",\"@id\":\"https:\/\/igs-steuerberatung.de\/#organization\",\"name\":\"Ingrid Gelczinnus-Stommen\",\"url\":\"https:\/\/igs-steuerberatung.de\/\",\"logo\":{\"@type\":\"ImageObject\",\"inLanguage\":\"de\",\"@id\":\"https:\/\/igs-steuerberatung.de\/#\/schema\/logo\/image\/\",\"url\":\"https:\/\/igs-steuerberatung.de\/wp-content\/uploads\/2019\/09\/IGSLogoRGB.jpg\",\"contentUrl\":\"https:\/\/igs-steuerberatung.de\/wp-content\/uploads\/2019\/09\/IGSLogoRGB.jpg\",\"width\":684,\"height\":256,\"caption\":\"Ingrid Gelczinnus-Stommen\"},\"image\":{\"@id\":\"https:\/\/igs-steuerberatung.de\/#\/schema\/logo\/image\/\"}}]}<\/script>\n<!-- \/ Yoast SEO plugin. -->","yoast_head_json":{"title":"Willkommen - Ingrid Gelczinnus-Stommen","description":"Willkommen - Um f\u00fcr Sie den richtigen und besten Weg zu finden, setzen wir auf unsere langj\u00e4hrige Erfahrung. Daf\u00fcr nehmen wir uns ausreichend Zeit. Seit mehr als 40","robots":{"index":"index","follow":"follow","max-snippet":"max-snippet:-1","max-image-preview":"max-image-preview:large","max-video-preview":"max-video-preview:-1"},"canonical":"https:\/\/igs-steuerberatung.de\/","og_locale":"de_DE","og_type":"article","og_title":"Willkommen - Ingrid Gelczinnus-Stommen","og_description":"Willkommen - Um f\u00fcr Sie den richtigen und besten Weg zu finden, setzen wir auf unsere langj\u00e4hrige Erfahrung. Daf\u00fcr nehmen wir uns ausreichend Zeit. Seit mehr als 40","og_url":"https:\/\/igs-steuerberatung.de\/","og_site_name":"Ingrid Gelczinnus-Stommen","article_modified_time":"2020-08-06T14:51:28+00:00","twitter_card":"summary_large_image","twitter_misc":{"Gesch\u00e4tzte Lesezeit":"1\u00a0Minute"},"schema":{"@context":"https:\/\/schema.org","@graph":[{"@type":"WebPage","@id":"https:\/\/igs-steuerberatung.de\/","url":"https:\/\/igs-steuerberatung.de\/","name":"Willkommen - Ingrid Gelczinnus-Stommen","isPartOf":{"@id":"https:\/\/igs-steuerberatung.de\/#website"},"datePublished":"2016-05-10T03:48:21+00:00","dateModified":"2020-08-06T14:51:28+00:00","description":"Willkommen - Um f\u00fcr Sie den richtigen und besten Weg zu finden, setzen wir auf unsere langj\u00e4hrige Erfahrung. Daf\u00fcr nehmen wir uns ausreichend Zeit. Seit mehr als 40","breadcrumb":{"@id":"https:\/\/igs-steuerberatung.de\/#breadcrumb"},"inLanguage":"de","potentialAction":[{"@type":"ReadAction","target":["https:\/\/igs-steuerberatung.de\/"]}]},{"@type":"BreadcrumbList","@id":"https:\/\/igs-steuerberatung.de\/#breadcrumb","itemListElement":[{"@type":"ListItem","position":1,"name":"Startseite","item":"https:\/\/igs-steuerberatung.de\/"},{"@type":"ListItem","position":2,"name":"Willkommen"}]},{"@type":"WebSite","@id":"https:\/\/igs-steuerberatung.de\/#website","url":"https:\/\/igs-steuerberatung.de\/","name":"Ingrid Gelczinnus-Stommen","description":"","publisher":{"@id":"https:\/\/igs-steuerberatung.de\/#organization"},"potentialAction":[{"@type":"SearchAction","target":{"@type":"EntryPoint","urlTemplate":"https:\/\/igs-steuerberatung.de\/?s={search_term_string}"},"query-input":{"@type":"PropertyValueSpecification","valueRequired":true,"valueName":"search_term_string"}}],"inLanguage":"de"},{"@type":"Organization","@id":"https:\/\/igs-steuerberatung.de\/#organization","name":"Ingrid Gelczinnus-Stommen","url":"https:\/\/igs-steuerberatung.de\/","logo":{"@type":"ImageObject","inLanguage":"de","@id":"https:\/\/igs-steuerberatung.de\/#\/schema\/logo\/image\/","url":"https:\/\/igs-steuerberatung.de\/wp-content\/uploads\/2019\/09\/IGSLogoRGB.jpg","contentUrl":"https:\/\/igs-steuerberatung.de\/wp-content\/uploads\/2019\/09\/IGSLogoRGB.jpg","width":684,"height":256,"caption":"Ingrid Gelczinnus-Stommen"},"image":{"@id":"https:\/\/igs-steuerberatung.de\/#\/schema\/logo\/image\/"}}]}},"_links":{"self":[{"href":"https:\/\/igs-steuerberatung.de\/index.php?rest_route=\/wp\/v2\/pages\/2","targetHints":{"allow":["GET"]}}],"collection":[{"href":"https:\/\/igs-steuerberatung.de\/index.php?rest_route=\/wp\/v2\/pages"}],"about":[{"href":"https:\/\/igs-steuerberatung.de\/index.php?rest_route=\/wp\/v2\/types\/page"}],"author":[{"embeddable":true,"href":"https:\/\/igs-steuerberatung.de\/index.php?rest_route=\/wp\/v2\/users\/1"}],"replies":[{"embeddable":true,"href":"https:\/\/igs-steuerberatung.de\/index.php?rest_route=%2Fwp%2Fv2%2Fcomments&post=2"}],"version-history":[{"count":9,"href":"https:\/\/igs-steuerberatung.de\/index.php?rest_route=\/wp\/v2\/pages\/2\/revisions"}],"predecessor-version":[{"id":76,"href":"https:\/\/igs-steuerberatung.de\/index.php?rest_route=\/wp\/v2\/pages\/2\/revisions\/76"}],"wp:attachment":[{"href":"https:\/\/igs-steuerberatung.de\/index.php?rest_route=%2Fwp%2Fv2%2Fmedia&parent=2"}],"curies":[{"name":"wp","href":"https:\/\/api.w.org\/{rel}","templated":true}]}}