{"id":13,"date":"2019-09-24T18:51:52","date_gmt":"2019-09-24T18:51:52","guid":{"rendered":"http:\/\/igs-steuerberatung.de\/?page_id=13"},"modified":"2025-05-15T14:42:59","modified_gmt":"2025-05-15T14:42:59","slug":"impressum","status":"publish","type":"page","link":"https:\/\/igs-steuerberatung.de\/?page_id=13","title":{"rendered":"Impressum"},"content":{"rendered":"\n<p><strong>Ingrid Gelczinnus-Stommen<\/strong><br>Steuerberaterin, vereidigte Buchpr\u00fcferin<br>Huyssenallee 52-56<br>45128\u00a0Essen<br><br>Telefon: 0201 879000<br>Telefax: 0201 8790010<br>E-Mail:\u00a0<a href=\"mailto:info@igs-steuerberatung.de\">info@igs-steuerberatung.de<\/a><\/p>\n\n\n\n<p><strong>USt-ID-Nr:<\/strong> DE 228579845<\/p>\n\n\n\n<p><strong>Zust\u00e4ndige Steuerberaterkammer<\/strong><br>Steuerberaterkammer D\u00fcsseldorf, Sitz D\u00fcsseldorf<\/p>\n\n\n\n<p><strong>Berufsstand:<\/strong> Steuerberater<br><br>Die gesetzliche Berufsbezeichnung Steuerberater\/Steuerberatungsgesellschaft wurde in der Bundesrepublik Deutschland verliehen.<br><br>Der Berufsstand der Steuerberater unterliegt im Wesentlichen den nachstehenden berufsrechtlichen Regelungen:<br>a) Steuerberatungsgesetz (StBerG)<br>b) Durchf\u00fchrungsverordnungen zum Steuerberatungsgesetz (DVStB)<br>c) Berufsordnung (BOStB)<br>d) Steuerberaterverg\u00fctungsverordnung (StBVV)<br><br>Die beruflichen Regelungen k\u00f6nnen online bei der&nbsp;<a rel=\"noreferrer noopener\" href=\"http:\/\/www.bstbk.de\/\" target=\"_blank\">Bundessteuerberaterkammer<\/a>&nbsp;eingesehen werden.<\/p>\n\n\n\n<p><strong>Dienstleistungs- und Informationspflichten<\/strong><br><strong>1.<\/strong>&nbsp;Die berufsrechtlichen Regelungen, denen ich i. S. v. \u00a7&nbsp;3&nbsp;DL-InfoV unterliege, k\u00f6nnen auf der Homepage der Bundessteuerberaterkammer unter&nbsp;<a rel=\"noreferrer noopener\" href=\"http:\/\/www.bstbk.de\/\" target=\"_blank\">www.bstbk.de<\/a>&nbsp;(unter &#8222;Ihr Steuerberater\/Berufsrecht&#8220;) abgerufen werden.<br><br><strong>2.<\/strong>&nbsp;Nach \u00a7&nbsp;4&nbsp;DL-InfoV weise ich darauf hin, dass die zwischen uns getroffene Verg\u00fctungsvereinbarung G\u00fcltigkeit hat. Daneben gilt die StBVV. Die konkreten Geb\u00fchren bestimmen sich nach den Umst\u00e4nden des Einzelfalles. Ich verweise auf die Homepage der Bundessteuerberaterkammer unter&nbsp;<a rel=\"noreferrer noopener\" href=\"http:\/\/www.bstbk.de\/\" target=\"_blank\">www.bstbk.de<\/a>. Sie erhalten dort weitere Informationen unter &#8222;Ihr Steuerberater\/Verg\u00fctung&#8220;.<br><br><strong>3.<\/strong>&nbsp;Berufshaftpflichtversicherung:&nbsp;<br>Zurich Insurance plc Niederlassung f\u00fcr Deutschland<br>Riehler Stra\u00dfe 90<br>50657 K\u00f6ln<br><br>Geltungsbereich: Der r\u00e4umliche Geltungsbereich des Versicherungsschutzes besteht f\u00fcr Dienstleistungen in der Bundesrepublik Deutschland, ausl\u00e4ndische Betriebsst\u00e4tten werden nicht unterhalten.<\/p>\n\n\n\n<p><strong>Teilnahme an einem Streitbeilegungsverfahren<\/strong><br>An einem Streitbeilegungsverfahren vor einer Verbraucherschlichtungsstelle im Sinne des Verbraucherstreitbeilegungsgesetzes (VBSG) wird nicht teilgenommen. Ich weise jedoch darauf hin, dass die M\u00f6glichkeit besteht, bei Streitigkeiten betreffend das Mandatsverh\u00e4ltnis die zust\u00e4ndige o.g. Steuerberaterkammer gem\u00e4\u00df \u00a7 76 Abs. 2 Nr. 3 StBerG um Vermittlung anzurufen.<br><br>Alternativ besteht die M\u00f6glichkeit, auf der Plattform der EU zur au\u00dfergerichtlichen Streitbeilegung Beschwerde einzulegen. Diese finden Sie hier:&nbsp;<a rel=\"noreferrer noopener\" href=\"http:\/\/ec.europa.eu\/consumers\/odr\/\" target=\"_blank\">http:\/\/ec.europa.eu\/consumers\/odr\/<\/a>. Meine E-Mail-Adresse finden Sie ebenfalls oben.<\/p>\n\n\n\n<p><strong>Haftung f\u00fcr Inhalte<\/strong><br>Die Inhalte dieser Seiten wurden mit gr\u00f6\u00dfter Sorgfalt erstellt. F\u00fcr die Richtigkeit, Vollst\u00e4ndigkeit und Aktualit\u00e4t der Inhalte kann keine Gew\u00e4hr \u00fcbernehmen werden. Als Diensteanbieter bin ich gem\u00e4\u00df \u00a7&nbsp;7&nbsp;TMG f\u00fcr eigene Inhalte auf diesen Seiten nach den allgemeinen Gesetzen verantwortlich. Diensteanbieter sind jedoch nicht verpflichtet, die von ihnen \u00fcbermittelten oder gespeicherten fremden Informationen zu \u00fcberwachen oder nach Umst\u00e4nden zu forschen, die auf eine rechtswidrige T\u00e4tigkeit hinweisen. Verpflichtungen zur Entfernung oder Sperrung der Nutzung von Informationen nach den allgemeinen Gesetzen bleiben hiervon unber\u00fchrt. Eine diesbez\u00fcgliche Haftung ist jedoch erst ab dem Zeitpunkt der Kenntnis einer konkreten Rechts\u00adverletzung m\u00f6glich. Bei Bekanntwerden von entsprechenden Rechts\u00adverletzungen werden wir diese Inhalte umgehend entfernen.<\/p>\n\n\n\n<p><strong>Haftung f\u00fcr Links<\/strong><br>Das Angebot enth\u00e4lt Links zu externen Webseiten Dritter, auf deren Inhalte ich keinen Einfluss haben. Deshalb kann f\u00fcr diese fremden Inhalte auch keine Gew\u00e4hr \u00fcbernehmen. F\u00fcr die Inhalte der verlinkten Seiten ist stets der jeweilige Anbieter oder Betreiber der Seiten verantwortlich. Die verlinkten Seiten wurden zum Zeitpunkt der Verlinkung auf m\u00f6gliche Rechtsverst\u00f6\u00dfe \u00fcberpr\u00fcft. Rechtswidrige Inhalte waren zum Zeitpunkt der Verlinkung nicht erkennbar. Eine permanente inhaltliche Kontrolle der verlinkten Seiten ist jedoch ohne konkrete Anhaltspunkte einer Rechts\u00adverletzung nicht zumutbar. Bei Bekanntwerden von Rechts\u00adverletzungen werden wir derartige Links umgehend entfernen.<\/p>\n","protected":false},"excerpt":{"rendered":"<p>Ingrid Gelczinnus-StommenSteuerberaterin, vereidigte Buchpr\u00fcferinHuyssenallee 52-5645128\u00a0Essen Telefon: 0201 879000Telefax: 0201 8790010E-Mail:\u00a0info@igs-steuerberatung.de USt-ID-Nr: DE 228579845 Zust\u00e4ndige SteuerberaterkammerSteuerberaterkammer D\u00fcsseldorf, Sitz D\u00fcsseldorf Berufsstand: Steuerberater Die gesetzliche Berufsbezeichnung Steuerberater\/Steuerberatungsgesellschaft wurde in der Bundesrepublik Deutschland verliehen. Der Berufsstand der Steuerberater unterliegt im Wesentlichen den nachstehenden berufsrechtlichen Regelungen:a) Steuerberatungsgesetz (StBerG)b) Durchf\u00fchrungsverordnungen zum Steuerberatungsgesetz (DVStB)c) Berufsordnung (BOStB)d) Steuerberaterverg\u00fctungsverordnung (StBVV) Die beruflichen Regelungen k\u00f6nnen &hellip; <a href=\"https:\/\/igs-steuerberatung.de\/?page_id=13\" class=\"more-link\"><span class=\"screen-reader-text\">\u201eImpressum\u201c<\/span> weiterlesen<\/a><\/p>\n","protected":false},"author":1,"featured_media":0,"parent":0,"menu_order":0,"comment_status":"closed","ping_status":"closed","template":"","meta":{"footnotes":""},"class_list":["post-13","page","type-page","status-publish","hentry"],"yoast_head":"<!-- This site is optimized with the Yoast SEO plugin v25.1 - https:\/\/yoast.com\/wordpress\/plugins\/seo\/ -->\n<title>Impressum - Ingrid Gelczinnus-Stommen<\/title>\n<meta name=\"robots\" content=\"index, follow, max-snippet:-1, max-image-preview:large, max-video-preview:-1\" \/>\n<link rel=\"canonical\" href=\"https:\/\/igs-steuerberatung.de\/?page_id=13\" \/>\n<meta property=\"og:locale\" content=\"de_DE\" \/>\n<meta property=\"og:type\" content=\"article\" \/>\n<meta property=\"og:title\" content=\"Impressum - Ingrid Gelczinnus-Stommen\" \/>\n<meta property=\"og:description\" content=\"Ingrid Gelczinnus-StommenSteuerberaterin, vereidigte Buchpr\u00fcferinHuyssenallee 52-5645128\u00a0Essen Telefon: 0201 879000Telefax: 0201 8790010E-Mail:\u00a0info@igs-steuerberatung.de USt-ID-Nr: DE 228579845 Zust\u00e4ndige SteuerberaterkammerSteuerberaterkammer D\u00fcsseldorf, Sitz D\u00fcsseldorf Berufsstand: Steuerberater Die gesetzliche Berufsbezeichnung Steuerberater\/Steuerberatungsgesellschaft wurde in der Bundesrepublik Deutschland verliehen. Der Berufsstand der Steuerberater unterliegt im Wesentlichen den nachstehenden berufsrechtlichen Regelungen:a) Steuerberatungsgesetz (StBerG)b) Durchf\u00fchrungsverordnungen zum Steuerberatungsgesetz (DVStB)c) Berufsordnung (BOStB)d) Steuerberaterverg\u00fctungsverordnung (StBVV) Die beruflichen Regelungen k\u00f6nnen &hellip; \u201eImpressum\u201c weiterlesen\" \/>\n<meta property=\"og:url\" content=\"https:\/\/igs-steuerberatung.de\/?page_id=13\" \/>\n<meta property=\"og:site_name\" content=\"Ingrid Gelczinnus-Stommen\" \/>\n<meta property=\"article:modified_time\" content=\"2025-05-15T14:42:59+00:00\" \/>\n<meta name=\"twitter:card\" content=\"summary_large_image\" \/>\n<meta name=\"twitter:label1\" content=\"Gesch\u00e4tzte Lesezeit\" \/>\n\t<meta name=\"twitter:data1\" content=\"3\u00a0Minuten\" \/>\n<script type=\"application\/ld+json\" class=\"yoast-schema-graph\">{\"@context\":\"https:\/\/schema.org\",\"@graph\":[{\"@type\":\"WebPage\",\"@id\":\"https:\/\/igs-steuerberatung.de\/?page_id=13\",\"url\":\"https:\/\/igs-steuerberatung.de\/?page_id=13\",\"name\":\"Impressum - Ingrid Gelczinnus-Stommen\",\"isPartOf\":{\"@id\":\"https:\/\/igs-steuerberatung.de\/#website\"},\"datePublished\":\"2019-09-24T18:51:52+00:00\",\"dateModified\":\"2025-05-15T14:42:59+00:00\",\"breadcrumb\":{\"@id\":\"https:\/\/igs-steuerberatung.de\/?page_id=13#breadcrumb\"},\"inLanguage\":\"de\",\"potentialAction\":[{\"@type\":\"ReadAction\",\"target\":[\"https:\/\/igs-steuerberatung.de\/?page_id=13\"]}]},{\"@type\":\"BreadcrumbList\",\"@id\":\"https:\/\/igs-steuerberatung.de\/?page_id=13#breadcrumb\",\"itemListElement\":[{\"@type\":\"ListItem\",\"position\":1,\"name\":\"Startseite\",\"item\":\"https:\/\/igs-steuerberatung.de\/\"},{\"@type\":\"ListItem\",\"position\":2,\"name\":\"Impressum\"}]},{\"@type\":\"WebSite\",\"@id\":\"https:\/\/igs-steuerberatung.de\/#website\",\"url\":\"https:\/\/igs-steuerberatung.de\/\",\"name\":\"Ingrid Gelczinnus-Stommen\",\"description\":\"\",\"publisher\":{\"@id\":\"https:\/\/igs-steuerberatung.de\/#organization\"},\"potentialAction\":[{\"@type\":\"SearchAction\",\"target\":{\"@type\":\"EntryPoint\",\"urlTemplate\":\"https:\/\/igs-steuerberatung.de\/?s={search_term_string}\"},\"query-input\":{\"@type\":\"PropertyValueSpecification\",\"valueRequired\":true,\"valueName\":\"search_term_string\"}}],\"inLanguage\":\"de\"},{\"@type\":\"Organization\",\"@id\":\"https:\/\/igs-steuerberatung.de\/#organization\",\"name\":\"Ingrid Gelczinnus-Stommen\",\"url\":\"https:\/\/igs-steuerberatung.de\/\",\"logo\":{\"@type\":\"ImageObject\",\"inLanguage\":\"de\",\"@id\":\"https:\/\/igs-steuerberatung.de\/#\/schema\/logo\/image\/\",\"url\":\"https:\/\/igs-steuerberatung.de\/wp-content\/uploads\/2019\/09\/IGSLogoRGB.jpg\",\"contentUrl\":\"https:\/\/igs-steuerberatung.de\/wp-content\/uploads\/2019\/09\/IGSLogoRGB.jpg\",\"width\":684,\"height\":256,\"caption\":\"Ingrid Gelczinnus-Stommen\"},\"image\":{\"@id\":\"https:\/\/igs-steuerberatung.de\/#\/schema\/logo\/image\/\"}}]}<\/script>\n<!-- \/ Yoast SEO plugin. -->","yoast_head_json":{"title":"Impressum - Ingrid Gelczinnus-Stommen","robots":{"index":"index","follow":"follow","max-snippet":"max-snippet:-1","max-image-preview":"max-image-preview:large","max-video-preview":"max-video-preview:-1"},"canonical":"https:\/\/igs-steuerberatung.de\/?page_id=13","og_locale":"de_DE","og_type":"article","og_title":"Impressum - Ingrid Gelczinnus-Stommen","og_description":"Ingrid Gelczinnus-StommenSteuerberaterin, vereidigte Buchpr\u00fcferinHuyssenallee 52-5645128\u00a0Essen Telefon: 0201 879000Telefax: 0201 8790010E-Mail:\u00a0info@igs-steuerberatung.de USt-ID-Nr: DE 228579845 Zust\u00e4ndige SteuerberaterkammerSteuerberaterkammer D\u00fcsseldorf, Sitz D\u00fcsseldorf Berufsstand: Steuerberater Die gesetzliche Berufsbezeichnung Steuerberater\/Steuerberatungsgesellschaft wurde in der Bundesrepublik Deutschland verliehen. Der Berufsstand der Steuerberater unterliegt im Wesentlichen den nachstehenden berufsrechtlichen Regelungen:a) Steuerberatungsgesetz (StBerG)b) Durchf\u00fchrungsverordnungen zum Steuerberatungsgesetz (DVStB)c) Berufsordnung (BOStB)d) Steuerberaterverg\u00fctungsverordnung (StBVV) Die beruflichen Regelungen k\u00f6nnen &hellip; \u201eImpressum\u201c weiterlesen","og_url":"https:\/\/igs-steuerberatung.de\/?page_id=13","og_site_name":"Ingrid Gelczinnus-Stommen","article_modified_time":"2025-05-15T14:42:59+00:00","twitter_card":"summary_large_image","twitter_misc":{"Gesch\u00e4tzte Lesezeit":"3\u00a0Minuten"},"schema":{"@context":"https:\/\/schema.org","@graph":[{"@type":"WebPage","@id":"https:\/\/igs-steuerberatung.de\/?page_id=13","url":"https:\/\/igs-steuerberatung.de\/?page_id=13","name":"Impressum - Ingrid Gelczinnus-Stommen","isPartOf":{"@id":"https:\/\/igs-steuerberatung.de\/#website"},"datePublished":"2019-09-24T18:51:52+00:00","dateModified":"2025-05-15T14:42:59+00:00","breadcrumb":{"@id":"https:\/\/igs-steuerberatung.de\/?page_id=13#breadcrumb"},"inLanguage":"de","potentialAction":[{"@type":"ReadAction","target":["https:\/\/igs-steuerberatung.de\/?page_id=13"]}]},{"@type":"BreadcrumbList","@id":"https:\/\/igs-steuerberatung.de\/?page_id=13#breadcrumb","itemListElement":[{"@type":"ListItem","position":1,"name":"Startseite","item":"https:\/\/igs-steuerberatung.de\/"},{"@type":"ListItem","position":2,"name":"Impressum"}]},{"@type":"WebSite","@id":"https:\/\/igs-steuerberatung.de\/#website","url":"https:\/\/igs-steuerberatung.de\/","name":"Ingrid Gelczinnus-Stommen","description":"","publisher":{"@id":"https:\/\/igs-steuerberatung.de\/#organization"},"potentialAction":[{"@type":"SearchAction","target":{"@type":"EntryPoint","urlTemplate":"https:\/\/igs-steuerberatung.de\/?s={search_term_string}"},"query-input":{"@type":"PropertyValueSpecification","valueRequired":true,"valueName":"search_term_string"}}],"inLanguage":"de"},{"@type":"Organization","@id":"https:\/\/igs-steuerberatung.de\/#organization","name":"Ingrid Gelczinnus-Stommen","url":"https:\/\/igs-steuerberatung.de\/","logo":{"@type":"ImageObject","inLanguage":"de","@id":"https:\/\/igs-steuerberatung.de\/#\/schema\/logo\/image\/","url":"https:\/\/igs-steuerberatung.de\/wp-content\/uploads\/2019\/09\/IGSLogoRGB.jpg","contentUrl":"https:\/\/igs-steuerberatung.de\/wp-content\/uploads\/2019\/09\/IGSLogoRGB.jpg","width":684,"height":256,"caption":"Ingrid Gelczinnus-Stommen"},"image":{"@id":"https:\/\/igs-steuerberatung.de\/#\/schema\/logo\/image\/"}}]}},"_links":{"self":[{"href":"https:\/\/igs-steuerberatung.de\/index.php?rest_route=\/wp\/v2\/pages\/13","targetHints":{"allow":["GET"]}}],"collection":[{"href":"https:\/\/igs-steuerberatung.de\/index.php?rest_route=\/wp\/v2\/pages"}],"about":[{"href":"https:\/\/igs-steuerberatung.de\/index.php?rest_route=\/wp\/v2\/types\/page"}],"author":[{"embeddable":true,"href":"https:\/\/igs-steuerberatung.de\/index.php?rest_route=\/wp\/v2\/users\/1"}],"replies":[{"embeddable":true,"href":"https:\/\/igs-steuerberatung.de\/index.php?rest_route=%2Fwp%2Fv2%2Fcomments&post=13"}],"version-history":[{"count":6,"href":"https:\/\/igs-steuerberatung.de\/index.php?rest_route=\/wp\/v2\/pages\/13\/revisions"}],"predecessor-version":[{"id":89,"href":"https:\/\/igs-steuerberatung.de\/index.php?rest_route=\/wp\/v2\/pages\/13\/revisions\/89"}],"wp:attachment":[{"href":"https:\/\/igs-steuerberatung.de\/index.php?rest_route=%2Fwp%2Fv2%2Fmedia&parent=13"}],"curies":[{"name":"wp","href":"https:\/\/api.w.org\/{rel}","templated":true}]}}