{"id":11,"date":"2019-09-24T18:51:52","date_gmt":"2019-09-24T18:51:52","guid":{"rendered":"http:\/\/igs-steuerberatung.de\/?page_id=11"},"modified":"2020-03-19T14:03:45","modified_gmt":"2020-03-19T14:03:45","slug":"ueber-uns","status":"publish","type":"page","link":"https:\/\/igs-steuerberatung.de\/?page_id=11","title":{"rendered":"\u00dcber Uns"},"content":{"rendered":"\n<p>Unser Ziel ist es, die Interessen unserer Mandanten optimal\nzu vertreten und Ihren wirtschaftlichen Erfolg zu f\u00f6rdern. Bei diesen Themen\nbegleiten wir Sie als kompetente und unabh\u00e4ngige Berater. Damit wir unsere\nKompetenz zu gew\u00e4hrleisten, nehmen wir regelm\u00e4\u00dfig an Seminaren und Schulungen\nteil. <\/p>\n\n\n\n<p>Mit mehr als 40 Jahren Berufserfahrung k\u00f6nnen wir Ihnen\nErfahrung und Kompetenz garantieren. Das macht uns zu Experten im Bereich der\nSteuerberatung. Um f\u00fcr Sie die beste L\u00f6sung zu finden, h\u00f6ren wir uns Ihre\nFragen und Probleme an. <\/p>\n\n\n\n<p>Melden Sie sich gerne bei offenen Fragen oder f\u00fcr&nbsp; eine Terminabsprache bei uns! Sie erreichen uns telefonisch unter 0201 879000 oder per <a href=\"mailto:info@igs-steuerberatung,de\">Mail<\/a>.<\/p>\n","protected":false},"excerpt":{"rendered":"<p>Unser Ziel ist es, die Interessen unserer Mandanten optimal zu vertreten und Ihren wirtschaftlichen Erfolg zu f\u00f6rdern. Bei diesen Themen begleiten wir Sie als kompetente und unabh\u00e4ngige Berater. Damit wir unsere Kompetenz zu gew\u00e4hrleisten, nehmen wir regelm\u00e4\u00dfig an Seminaren und Schulungen teil. Mit mehr als 40 Jahren Berufserfahrung k\u00f6nnen wir Ihnen Erfahrung und Kompetenz garantieren. &hellip; <a href=\"https:\/\/igs-steuerberatung.de\/?page_id=11\" class=\"more-link\"><span class=\"screen-reader-text\">\u201e\u00dcber Uns\u201c<\/span> weiterlesen<\/a><\/p>\n","protected":false},"author":1,"featured_media":0,"parent":0,"menu_order":0,"comment_status":"closed","ping_status":"closed","template":"","meta":{"footnotes":""},"class_list":["post-11","page","type-page","status-publish","hentry"],"yoast_head":"<!-- This site is optimized with the Yoast SEO plugin v25.1 - https:\/\/yoast.com\/wordpress\/plugins\/seo\/ -->\n<title>\u00dcber Uns - Ingrid Gelczinnus-Stommen<\/title>\n<meta name=\"description\" content=\"Unser Ziel ist es, die Interessen unserer Mandanten optimal zu vertreten und Ihren wirtschaftlichen Erfolg zu f\u00f6rdern. Bei diesen Themen begleiten wir Sie\" \/>\n<meta name=\"robots\" content=\"index, follow, max-snippet:-1, max-image-preview:large, max-video-preview:-1\" \/>\n<link rel=\"canonical\" href=\"https:\/\/igs-steuerberatung.de\/?page_id=11\" \/>\n<meta property=\"og:locale\" content=\"de_DE\" \/>\n<meta property=\"og:type\" content=\"article\" \/>\n<meta property=\"og:title\" content=\"\u00dcber Uns - Ingrid Gelczinnus-Stommen\" \/>\n<meta property=\"og:description\" content=\"Unser Ziel ist es, die Interessen unserer Mandanten optimal zu vertreten und Ihren wirtschaftlichen Erfolg zu f\u00f6rdern. Bei diesen Themen begleiten wir Sie\" \/>\n<meta property=\"og:url\" content=\"https:\/\/igs-steuerberatung.de\/?page_id=11\" \/>\n<meta property=\"og:site_name\" content=\"Ingrid Gelczinnus-Stommen\" \/>\n<meta property=\"article:modified_time\" content=\"2020-03-19T14:03:45+00:00\" \/>\n<meta name=\"twitter:card\" content=\"summary_large_image\" \/>\n<meta name=\"twitter:label1\" content=\"Gesch\u00e4tzte Lesezeit\" \/>\n\t<meta name=\"twitter:data1\" content=\"1\u00a0Minute\" \/>\n<script type=\"application\/ld+json\" class=\"yoast-schema-graph\">{\"@context\":\"https:\/\/schema.org\",\"@graph\":[{\"@type\":\"WebPage\",\"@id\":\"https:\/\/igs-steuerberatung.de\/?page_id=11\",\"url\":\"https:\/\/igs-steuerberatung.de\/?page_id=11\",\"name\":\"\u00dcber Uns - Ingrid Gelczinnus-Stommen\",\"isPartOf\":{\"@id\":\"https:\/\/igs-steuerberatung.de\/#website\"},\"datePublished\":\"2019-09-24T18:51:52+00:00\",\"dateModified\":\"2020-03-19T14:03:45+00:00\",\"description\":\"Unser Ziel ist es, die Interessen unserer Mandanten optimal zu vertreten und Ihren wirtschaftlichen Erfolg zu f\u00f6rdern. Bei diesen Themen begleiten wir Sie\",\"breadcrumb\":{\"@id\":\"https:\/\/igs-steuerberatung.de\/?page_id=11#breadcrumb\"},\"inLanguage\":\"de\",\"potentialAction\":[{\"@type\":\"ReadAction\",\"target\":[\"https:\/\/igs-steuerberatung.de\/?page_id=11\"]}]},{\"@type\":\"BreadcrumbList\",\"@id\":\"https:\/\/igs-steuerberatung.de\/?page_id=11#breadcrumb\",\"itemListElement\":[{\"@type\":\"ListItem\",\"position\":1,\"name\":\"Startseite\",\"item\":\"https:\/\/igs-steuerberatung.de\/\"},{\"@type\":\"ListItem\",\"position\":2,\"name\":\"\u00dcber Uns\"}]},{\"@type\":\"WebSite\",\"@id\":\"https:\/\/igs-steuerberatung.de\/#website\",\"url\":\"https:\/\/igs-steuerberatung.de\/\",\"name\":\"Ingrid Gelczinnus-Stommen\",\"description\":\"\",\"publisher\":{\"@id\":\"https:\/\/igs-steuerberatung.de\/#organization\"},\"potentialAction\":[{\"@type\":\"SearchAction\",\"target\":{\"@type\":\"EntryPoint\",\"urlTemplate\":\"https:\/\/igs-steuerberatung.de\/?s={search_term_string}\"},\"query-input\":{\"@type\":\"PropertyValueSpecification\",\"valueRequired\":true,\"valueName\":\"search_term_string\"}}],\"inLanguage\":\"de\"},{\"@type\":\"Organization\",\"@id\":\"https:\/\/igs-steuerberatung.de\/#organization\",\"name\":\"Ingrid Gelczinnus-Stommen\",\"url\":\"https:\/\/igs-steuerberatung.de\/\",\"logo\":{\"@type\":\"ImageObject\",\"inLanguage\":\"de\",\"@id\":\"https:\/\/igs-steuerberatung.de\/#\/schema\/logo\/image\/\",\"url\":\"https:\/\/igs-steuerberatung.de\/wp-content\/uploads\/2019\/09\/IGSLogoRGB.jpg\",\"contentUrl\":\"https:\/\/igs-steuerberatung.de\/wp-content\/uploads\/2019\/09\/IGSLogoRGB.jpg\",\"width\":684,\"height\":256,\"caption\":\"Ingrid Gelczinnus-Stommen\"},\"image\":{\"@id\":\"https:\/\/igs-steuerberatung.de\/#\/schema\/logo\/image\/\"}}]}<\/script>\n<!-- \/ Yoast SEO plugin. -->","yoast_head_json":{"title":"\u00dcber Uns - Ingrid Gelczinnus-Stommen","description":"Unser Ziel ist es, die Interessen unserer Mandanten optimal zu vertreten und Ihren wirtschaftlichen Erfolg zu f\u00f6rdern. Bei diesen Themen begleiten wir Sie","robots":{"index":"index","follow":"follow","max-snippet":"max-snippet:-1","max-image-preview":"max-image-preview:large","max-video-preview":"max-video-preview:-1"},"canonical":"https:\/\/igs-steuerberatung.de\/?page_id=11","og_locale":"de_DE","og_type":"article","og_title":"\u00dcber Uns - Ingrid Gelczinnus-Stommen","og_description":"Unser Ziel ist es, die Interessen unserer Mandanten optimal zu vertreten und Ihren wirtschaftlichen Erfolg zu f\u00f6rdern. Bei diesen Themen begleiten wir Sie","og_url":"https:\/\/igs-steuerberatung.de\/?page_id=11","og_site_name":"Ingrid Gelczinnus-Stommen","article_modified_time":"2020-03-19T14:03:45+00:00","twitter_card":"summary_large_image","twitter_misc":{"Gesch\u00e4tzte Lesezeit":"1\u00a0Minute"},"schema":{"@context":"https:\/\/schema.org","@graph":[{"@type":"WebPage","@id":"https:\/\/igs-steuerberatung.de\/?page_id=11","url":"https:\/\/igs-steuerberatung.de\/?page_id=11","name":"\u00dcber Uns - Ingrid Gelczinnus-Stommen","isPartOf":{"@id":"https:\/\/igs-steuerberatung.de\/#website"},"datePublished":"2019-09-24T18:51:52+00:00","dateModified":"2020-03-19T14:03:45+00:00","description":"Unser Ziel ist es, die Interessen unserer Mandanten optimal zu vertreten und Ihren wirtschaftlichen Erfolg zu f\u00f6rdern. Bei diesen Themen begleiten wir Sie","breadcrumb":{"@id":"https:\/\/igs-steuerberatung.de\/?page_id=11#breadcrumb"},"inLanguage":"de","potentialAction":[{"@type":"ReadAction","target":["https:\/\/igs-steuerberatung.de\/?page_id=11"]}]},{"@type":"BreadcrumbList","@id":"https:\/\/igs-steuerberatung.de\/?page_id=11#breadcrumb","itemListElement":[{"@type":"ListItem","position":1,"name":"Startseite","item":"https:\/\/igs-steuerberatung.de\/"},{"@type":"ListItem","position":2,"name":"\u00dcber Uns"}]},{"@type":"WebSite","@id":"https:\/\/igs-steuerberatung.de\/#website","url":"https:\/\/igs-steuerberatung.de\/","name":"Ingrid Gelczinnus-Stommen","description":"","publisher":{"@id":"https:\/\/igs-steuerberatung.de\/#organization"},"potentialAction":[{"@type":"SearchAction","target":{"@type":"EntryPoint","urlTemplate":"https:\/\/igs-steuerberatung.de\/?s={search_term_string}"},"query-input":{"@type":"PropertyValueSpecification","valueRequired":true,"valueName":"search_term_string"}}],"inLanguage":"de"},{"@type":"Organization","@id":"https:\/\/igs-steuerberatung.de\/#organization","name":"Ingrid Gelczinnus-Stommen","url":"https:\/\/igs-steuerberatung.de\/","logo":{"@type":"ImageObject","inLanguage":"de","@id":"https:\/\/igs-steuerberatung.de\/#\/schema\/logo\/image\/","url":"https:\/\/igs-steuerberatung.de\/wp-content\/uploads\/2019\/09\/IGSLogoRGB.jpg","contentUrl":"https:\/\/igs-steuerberatung.de\/wp-content\/uploads\/2019\/09\/IGSLogoRGB.jpg","width":684,"height":256,"caption":"Ingrid Gelczinnus-Stommen"},"image":{"@id":"https:\/\/igs-steuerberatung.de\/#\/schema\/logo\/image\/"}}]}},"_links":{"self":[{"href":"https:\/\/igs-steuerberatung.de\/index.php?rest_route=\/wp\/v2\/pages\/11","targetHints":{"allow":["GET"]}}],"collection":[{"href":"https:\/\/igs-steuerberatung.de\/index.php?rest_route=\/wp\/v2\/pages"}],"about":[{"href":"https:\/\/igs-steuerberatung.de\/index.php?rest_route=\/wp\/v2\/types\/page"}],"author":[{"embeddable":true,"href":"https:\/\/igs-steuerberatung.de\/index.php?rest_route=\/wp\/v2\/users\/1"}],"replies":[{"embeddable":true,"href":"https:\/\/igs-steuerberatung.de\/index.php?rest_route=%2Fwp%2Fv2%2Fcomments&post=11"}],"version-history":[{"count":3,"href":"https:\/\/igs-steuerberatung.de\/index.php?rest_route=\/wp\/v2\/pages\/11\/revisions"}],"predecessor-version":[{"id":66,"href":"https:\/\/igs-steuerberatung.de\/index.php?rest_route=\/wp\/v2\/pages\/11\/revisions\/66"}],"wp:attachment":[{"href":"https:\/\/igs-steuerberatung.de\/index.php?rest_route=%2Fwp%2Fv2%2Fmedia&parent=11"}],"curies":[{"name":"wp","href":"https:\/\/api.w.org\/{rel}","templated":true}]}}